{"id":711,"date":"2019-02-11T18:54:08","date_gmt":"2019-02-11T17:54:08","guid":{"rendered":"https:\/\/www.miloart.org\/?page_id=711"},"modified":"2020-09-02T08:55:34","modified_gmt":"2020-09-02T06:55:34","slug":"milo-sakac","status":"publish","type":"page","link":"https:\/\/www.miloart.org\/hr\/","title":{"rendered":"Milo Saka\u010d"},"content":{"rendered":"\n<h3 class=\"wp-block-heading\">Slikar<\/h3>\n\n\n<style>#kt-layout-id_d4f527-1e > .kt-row-column-wrap{align-content:start;}:where(#kt-layout-id_d4f527-1e > .kt-row-column-wrap) > .wp-block-kadence-column{justify-content:start;}#kt-layout-id_d4f527-1e > .kt-row-column-wrap{column-gap:var(--global-kb-gap-md, 2rem);row-gap:var(--global-kb-gap-md, 2rem);padding-top:var( --global-kb-row-default-top, 25px );padding-bottom:var( --global-kb-row-default-bottom, 25px );padding-top:var(--global-kb-spacing-sm, 1.5rem);padding-bottom:var(--global-kb-spacing-sm, 1.5rem);grid-template-columns:repeat(2, minmax(0, 1fr));}#kt-layout-id_d4f527-1e > .kt-row-layout-overlay{opacity:0.30;}@media all and (max-width: 1024px){#kt-layout-id_d4f527-1e > .kt-row-column-wrap{grid-template-columns:repeat(2, minmax(0, 1fr));}}@media all and (max-width: 767px){#kt-layout-id_d4f527-1e > .kt-row-column-wrap{grid-template-columns:minmax(0, 1fr);}}<\/style>\n<div class=\"wp-block-kadence-rowlayout alignnone\"><div id=\"kt-layout-id_d4f527-1e\" class=\"kt-row-layout-inner  kt-layout-id_d4f527-1e\"><div class=\"kt-row-column-wrap kt-has-2-columns kt-gutter-default kt-v-gutter-default kt-row-valign-top kt-row-layout-equal kt-tab-layout-inherit kt-m-colapse-left-to-right kt-mobile-layout-row\"><style>.kadence-column_082aa0-b7 > .kt-inside-inner-col{border-top-width:0px;border-right-width:0px;border-bottom-width:0px;border-left-width:0px;}.kadence-column_082aa0-b7 > .kt-inside-inner-col,.kadence-column_082aa0-b7 > .kt-inside-inner-col:before{border-top-left-radius:0px;border-top-right-radius:0px;border-bottom-right-radius:0px;border-bottom-left-radius:0px;}.kadence-column_082aa0-b7 > .kt-inside-inner-col{column-gap:var(--global-kb-gap-sm, 1rem);}.kadence-column_082aa0-b7 > .kt-inside-inner-col{flex-direction:column;}.kadence-column_082aa0-b7 > .kt-inside-inner-col > .aligncenter{width:100%;}.kadence-column_082aa0-b7 > .kt-inside-inner-col:before{opacity:0.3;}.kadence-column_082aa0-b7{position:relative;}@media all and (max-width: 1024px){.kadence-column_082aa0-b7 > .kt-inside-inner-col{flex-direction:column;justify-content:center;}}@media all and (max-width: 767px){.kadence-column_082aa0-b7 > .kt-inside-inner-col{flex-direction:column;justify-content:center;}}<\/style>\n<div class=\"wp-block-kadence-column inner-column-1 kadence-column_082aa0-b7\"><div class=\"kt-inside-inner-col\">\n<p> Saka\u010d je po zanimanju arhitekt, \u0161to se odrazilo na njegovom slikarstvu kao i u njegovoj potrazi za umjetni\u010dkim izrazom. Ova koherentna cjelina nastala je iz njegovog tra\u017eenja, dokazuju\u0107i njegovu vitalnu kreativnost i zavidnu produkciju. Njegova prethodna apstraktna umjetnost, u kojoj je bio prisutan posljednjih godina, okarakterizirale su nepravilne, ali kontrolirane crte stvaraju\u0107i sna\u017ene arhitektonske strukture s mo\u0107nim osje\u0107ajem kompozicije i dosti\u017eu\u0107i rudimentarne forme. U njegovim prethodnim ciklusima i slikama prostor je sugeriran linijama,<\/p>\n<\/div><\/div>\n\n\n<style>.kadence-column_a23b61-5c > .kt-inside-inner-col{border-top-width:0px;border-right-width:0px;border-bottom-width:0px;border-left-width:0px;}.kadence-column_a23b61-5c > .kt-inside-inner-col,.kadence-column_a23b61-5c > .kt-inside-inner-col:before{border-top-left-radius:0px;border-top-right-radius:0px;border-bottom-right-radius:0px;border-bottom-left-radius:0px;}.kadence-column_a23b61-5c > .kt-inside-inner-col{column-gap:var(--global-kb-gap-sm, 1rem);}.kadence-column_a23b61-5c > .kt-inside-inner-col{flex-direction:column;}.kadence-column_a23b61-5c > .kt-inside-inner-col > .aligncenter{width:100%;}.kadence-column_a23b61-5c > .kt-inside-inner-col:before{opacity:0.3;}.kadence-column_a23b61-5c{position:relative;}@media all and (max-width: 1024px){.kadence-column_a23b61-5c > .kt-inside-inner-col{flex-direction:column;justify-content:center;}}@media all and (max-width: 767px){.kadence-column_a23b61-5c > .kt-inside-inner-col{flex-direction:column;justify-content:center;}}<\/style>\n<div class=\"wp-block-kadence-column inner-column-2 kadence-column_a23b61-5c\"><div class=\"kt-inside-inner-col\">\n<p> prozori i vrata predlo\u017eeni su kvadratima, topole ovalima itd. Postepeno je reducirao motive koji se naziru samo pod debelim finim slojevima boje, jer je inzistirao na materijalnosti koja je fizi\u010dki ugra\u0111ena u njegove slike. Potisnuo je paletu boja i ograni\u010dio raspon tonova. Stoga su na slikama dominirale crne, sive i bijele nijanse, ponekad sa plavkastim nijansama, dok su neke strukture povremeno nagla\u0161avane i dinamizirane oker \u017eutom i crvenom bojom. <\/p>\n<\/div><\/div>\n<\/div><\/div><\/div>\n","protected":false},"excerpt":{"rendered":"<p>Slikar Saka\u010d je po zanimanju arhitekt, \u0161to se odrazilo na njegovom slikarstvu kao i u njegovoj potrazi za umjetni\u010dkim izrazom. Ova koherentna cjelina nastala je iz njegovog tra\u017eenja, dokazuju\u0107i njegovu vitalnu kreativnost i zavidnu produkciju. Njegova prethodna apstraktna umjetnost, u kojoj je bio prisutan posljednjih godina, okarakterizirale su nepravilne, ali kontrolirane crte stvaraju\u0107i sna\u017ene arhitektonske [&hellip;]<\/p>\n","protected":false},"author":1,"featured_media":0,"parent":0,"menu_order":0,"comment_status":"open","ping_status":"closed","template":"template-homepage.php","meta":{"inline_featured_image":false,"footnotes":""},"class_list":["post-711","page","type-page","status-publish","hentry"],"yoast_head":"<!-- This site is optimized with the Yoast SEO plugin v26.1.1 - https:\/\/yoast.com\/wordpress\/plugins\/seo\/ -->\n<title>Milo Saka\u010d - Milo Saka\u010d - Austrian &ndash; Slovenian &ndash; Hungarian - Croatian painter - Portfolio<\/title>\n<meta name=\"robots\" content=\"index, follow, max-snippet:-1, max-image-preview:large, max-video-preview:-1\" \/>\n<link rel=\"canonical\" href=\"https:\/\/www.miloart.org\/\" \/>\n<meta property=\"og:locale\" content=\"hr_HR\" \/>\n<meta property=\"og:type\" content=\"article\" \/>\n<meta property=\"og:title\" content=\"Milo Saka\u010d - Milo Saka\u010d - Austrian &ndash; Slovenian &ndash; Hungarian - Croatian painter - Portfolio\" \/>\n<meta property=\"og:description\" content=\"Slikar Saka\u010d je po zanimanju arhitekt, \u0161to se odrazilo na njegovom slikarstvu kao i u njegovoj potrazi za umjetni\u010dkim izrazom. Ova koherentna cjelina nastala je iz njegovog tra\u017eenja, dokazuju\u0107i njegovu vitalnu kreativnost i zavidnu produkciju. Njegova prethodna apstraktna umjetnost, u kojoj je bio prisutan posljednjih godina, okarakterizirale su nepravilne, ali kontrolirane crte stvaraju\u0107i sna\u017ene arhitektonske [&hellip;]\" \/>\n<meta property=\"og:url\" content=\"https:\/\/www.miloart.org\/\" \/>\n<meta property=\"og:site_name\" content=\"Milo Saka\u010d - Austrian &ndash; Slovenian &ndash; Hungarian - Croatian painter - Portfolio\" \/>\n<meta property=\"article:modified_time\" content=\"2020-09-02T06:55:34+00:00\" \/>\n<meta name=\"twitter:card\" content=\"summary_large_image\" \/>\n<meta name=\"twitter:label1\" content=\"Est. reading time\" \/>\n\t<meta name=\"twitter:data1\" content=\"1 minute\" \/>\n<script type=\"application\/ld+json\" class=\"yoast-schema-graph\">{\"@context\":\"https:\/\/schema.org\",\"@graph\":[{\"@type\":\"WebPage\",\"@id\":\"https:\/\/www.miloart.org\/\",\"url\":\"https:\/\/www.miloart.org\/\",\"name\":\"Milo Saka\u010d - Milo Saka\u010d - Austrian &ndash; Slovenian &ndash; Hungarian - Croatian painter - Portfolio\",\"isPartOf\":{\"@id\":\"https:\/\/www.miloart.org\/#website\"},\"datePublished\":\"2019-02-11T17:54:08+00:00\",\"dateModified\":\"2020-09-02T06:55:34+00:00\",\"breadcrumb\":{\"@id\":\"https:\/\/www.miloart.org\/#breadcrumb\"},\"inLanguage\":\"hr\",\"potentialAction\":[{\"@type\":\"ReadAction\",\"target\":[\"https:\/\/www.miloart.org\/\"]}]},{\"@type\":\"BreadcrumbList\",\"@id\":\"https:\/\/www.miloart.org\/#breadcrumb\",\"itemListElement\":[{\"@type\":\"ListItem\",\"position\":1,\"name\":\"Home\",\"item\":\"https:\/\/www.miloart.org\/\"},{\"@type\":\"ListItem\",\"position\":2,\"name\":\"Milo Saka\u010d\"}]},{\"@type\":\"WebSite\",\"@id\":\"https:\/\/www.miloart.org\/#website\",\"url\":\"https:\/\/www.miloart.org\/\",\"name\":\"Milo Saka\u010d - Austrian &ndash; Slovenian &ndash; Hungarian - Croatian painter - Portfolio\",\"description\":\"\",\"publisher\":{\"@id\":\"https:\/\/www.miloart.org\/#organization\"},\"potentialAction\":[{\"@type\":\"SearchAction\",\"target\":{\"@type\":\"EntryPoint\",\"urlTemplate\":\"https:\/\/www.miloart.org\/?s={search_term_string}\"},\"query-input\":{\"@type\":\"PropertyValueSpecification\",\"valueRequired\":true,\"valueName\":\"search_term_string\"}}],\"inLanguage\":\"hr\"},{\"@type\":\"Organization\",\"@id\":\"https:\/\/www.miloart.org\/#organization\",\"name\":\"Milo Saka\u010d - Austrian &ndash; Slovenian &ndash; Hungarian - Croatian painter - Portfolio\",\"url\":\"https:\/\/www.miloart.org\/\",\"logo\":{\"@type\":\"ImageObject\",\"inLanguage\":\"hr\",\"@id\":\"https:\/\/www.miloart.org\/#\/schema\/logo\/image\/\",\"url\":\"https:\/\/www.miloart.org\/wp\/wp-content\/uploads\/2019\/04\/MILO_ART-logo-3.svg\",\"contentUrl\":\"https:\/\/www.miloart.org\/wp\/wp-content\/uploads\/2019\/04\/MILO_ART-logo-3.svg\",\"caption\":\"Milo Saka\u010d - Austrian &ndash; Slovenian &ndash; Hungarian - Croatian painter - Portfolio\"},\"image\":{\"@id\":\"https:\/\/www.miloart.org\/#\/schema\/logo\/image\/\"}}]}<\/script>\n<!-- \/ Yoast SEO plugin. -->","yoast_head_json":{"title":"Milo Saka\u010d - Milo Saka\u010d - Austrian &ndash; Slovenian &ndash; Hungarian - Croatian painter - Portfolio","robots":{"index":"index","follow":"follow","max-snippet":"max-snippet:-1","max-image-preview":"max-image-preview:large","max-video-preview":"max-video-preview:-1"},"canonical":"https:\/\/www.miloart.org\/","og_locale":"hr_HR","og_type":"article","og_title":"Milo Saka\u010d - Milo Saka\u010d - Austrian &ndash; Slovenian &ndash; Hungarian - Croatian painter - Portfolio","og_description":"Slikar Saka\u010d je po zanimanju arhitekt, \u0161to se odrazilo na njegovom slikarstvu kao i u njegovoj potrazi za umjetni\u010dkim izrazom. Ova koherentna cjelina nastala je iz njegovog tra\u017eenja, dokazuju\u0107i njegovu vitalnu kreativnost i zavidnu produkciju. Njegova prethodna apstraktna umjetnost, u kojoj je bio prisutan posljednjih godina, okarakterizirale su nepravilne, ali kontrolirane crte stvaraju\u0107i sna\u017ene arhitektonske [&hellip;]","og_url":"https:\/\/www.miloart.org\/","og_site_name":"Milo Saka\u010d - Austrian &ndash; Slovenian &ndash; Hungarian - Croatian painter - Portfolio","article_modified_time":"2020-09-02T06:55:34+00:00","twitter_card":"summary_large_image","twitter_misc":{"Est. reading time":"1 minute"},"schema":{"@context":"https:\/\/schema.org","@graph":[{"@type":"WebPage","@id":"https:\/\/www.miloart.org\/","url":"https:\/\/www.miloart.org\/","name":"Milo Saka\u010d - Milo Saka\u010d - Austrian &ndash; Slovenian &ndash; Hungarian - Croatian painter - Portfolio","isPartOf":{"@id":"https:\/\/www.miloart.org\/#website"},"datePublished":"2019-02-11T17:54:08+00:00","dateModified":"2020-09-02T06:55:34+00:00","breadcrumb":{"@id":"https:\/\/www.miloart.org\/#breadcrumb"},"inLanguage":"hr","potentialAction":[{"@type":"ReadAction","target":["https:\/\/www.miloart.org\/"]}]},{"@type":"BreadcrumbList","@id":"https:\/\/www.miloart.org\/#breadcrumb","itemListElement":[{"@type":"ListItem","position":1,"name":"Home","item":"https:\/\/www.miloart.org\/"},{"@type":"ListItem","position":2,"name":"Milo Saka\u010d"}]},{"@type":"WebSite","@id":"https:\/\/www.miloart.org\/#website","url":"https:\/\/www.miloart.org\/","name":"Milo Saka\u010d - Austrian &ndash; Slovenian &ndash; Hungarian - Croatian painter - Portfolio","description":"","publisher":{"@id":"https:\/\/www.miloart.org\/#organization"},"potentialAction":[{"@type":"SearchAction","target":{"@type":"EntryPoint","urlTemplate":"https:\/\/www.miloart.org\/?s={search_term_string}"},"query-input":{"@type":"PropertyValueSpecification","valueRequired":true,"valueName":"search_term_string"}}],"inLanguage":"hr"},{"@type":"Organization","@id":"https:\/\/www.miloart.org\/#organization","name":"Milo Saka\u010d - Austrian &ndash; Slovenian &ndash; Hungarian - Croatian painter - Portfolio","url":"https:\/\/www.miloart.org\/","logo":{"@type":"ImageObject","inLanguage":"hr","@id":"https:\/\/www.miloart.org\/#\/schema\/logo\/image\/","url":"https:\/\/www.miloart.org\/wp\/wp-content\/uploads\/2019\/04\/MILO_ART-logo-3.svg","contentUrl":"https:\/\/www.miloart.org\/wp\/wp-content\/uploads\/2019\/04\/MILO_ART-logo-3.svg","caption":"Milo Saka\u010d - Austrian &ndash; Slovenian &ndash; Hungarian - Croatian painter - Portfolio"},"image":{"@id":"https:\/\/www.miloart.org\/#\/schema\/logo\/image\/"}}]}},"_links":{"self":[{"href":"https:\/\/www.miloart.org\/hr\/wp-json\/wp\/v2\/pages\/711","targetHints":{"allow":["GET"]}}],"collection":[{"href":"https:\/\/www.miloart.org\/hr\/wp-json\/wp\/v2\/pages"}],"about":[{"href":"https:\/\/www.miloart.org\/hr\/wp-json\/wp\/v2\/types\/page"}],"author":[{"embeddable":true,"href":"https:\/\/www.miloart.org\/hr\/wp-json\/wp\/v2\/users\/1"}],"replies":[{"embeddable":true,"href":"https:\/\/www.miloart.org\/hr\/wp-json\/wp\/v2\/comments?post=711"}],"version-history":[{"count":2,"href":"https:\/\/www.miloart.org\/hr\/wp-json\/wp\/v2\/pages\/711\/revisions"}],"predecessor-version":[{"id":718,"href":"https:\/\/www.miloart.org\/hr\/wp-json\/wp\/v2\/pages\/711\/revisions\/718"}],"wp:attachment":[{"href":"https:\/\/www.miloart.org\/hr\/wp-json\/wp\/v2\/media?parent=711"}],"curies":[{"name":"wp","href":"https:\/\/api.w.org\/{rel}","templated":true}]}}